{"id":65,"date":"2022-11-20T08:56:17","date_gmt":"2022-11-20T07:56:17","guid":{"rendered":"https:\/\/miahamidou.fr\/index.php\/produit\/hoodie-with-logo\/"},"modified":"2024-03-23T01:59:50","modified_gmt":"2024-03-23T00:59:50","slug":"hoodie-with-logo","status":"publish","type":"product","link":"https:\/\/miahamidou.fr\/index.php\/produit\/hoodie-with-logo\/","title":{"rendered":"Boite \u00e0 bijoux \u00ab\u00a0Maore\u00a0\u00bb"},"content":{"rendered":"<p>Une magnifique bo\u00eete \u00e0 bijoux grav\u00e9e<\/p>\n","protected":false},"excerpt":{"rendered":"<p>This is a simple product.<\/p>\n","protected":false},"featured_media":64,"comment_status":"open","ping_status":"closed","template":"","meta":[],"product_brand":[],"product_cat":[21],"product_tag":[],"class_list":{"0":"post-65","1":"product","2":"type-product","3":"status-publish","4":"has-post-thumbnail","6":"product_cat-hoodies","8":"first","9":"instock","10":"shipping-taxable","11":"purchasable","12":"product-type-simple"},"jetpack_sharing_enabled":true,"_links":{"self":[{"href":"https:\/\/miahamidou.fr\/index.php\/wp-json\/wp\/v2\/product\/65","targetHints":{"allow":["GET"]}}],"collection":[{"href":"https:\/\/miahamidou.fr\/index.php\/wp-json\/wp\/v2\/product"}],"about":[{"href":"https:\/\/miahamidou.fr\/index.php\/wp-json\/wp\/v2\/types\/product"}],"replies":[{"embeddable":true,"href":"https:\/\/miahamidou.fr\/index.php\/wp-json\/wp\/v2\/comments?post=65"}],"wp:featuredmedia":[{"embeddable":true,"href":"https:\/\/miahamidou.fr\/index.php\/wp-json\/wp\/v2\/media\/64"}],"wp:attachment":[{"href":"https:\/\/miahamidou.fr\/index.php\/wp-json\/wp\/v2\/media?parent=65"}],"wp:term":[{"taxonomy":"product_brand","embeddable":true,"href":"https:\/\/miahamidou.fr\/index.php\/wp-json\/wp\/v2\/product_brand?post=65"},{"taxonomy":"product_cat","embeddable":true,"href":"https:\/\/miahamidou.fr\/index.php\/wp-json\/wp\/v2\/product_cat?post=65"},{"taxonomy":"product_tag","embeddable":true,"href":"https:\/\/miahamidou.fr\/index.php\/wp-json\/wp\/v2\/product_tag?post=65"}],"curies":[{"name":"wp","href":"https:\/\/api.w.org\/{rel}","templated":true}]}}